{"id":6663,"date":"2023-12-23T21:33:24","date_gmt":"2023-12-23T21:33:24","guid":{"rendered":"http:\/\/ztq.muf.mybluehost.me\/?page_id=6663"},"modified":"2025-06-11T11:06:32","modified_gmt":"2025-06-11T11:06:32","slug":"about","status":"publish","type":"page","link":"https:\/\/fralowine.com\/it\/about\/","title":{"rendered":"Chi Siamo"},"content":{"rendered":"<div data-elementor-type=\"wp-page\" data-elementor-id=\"6663\" class=\"elementor elementor-6663\" data-elementor-post-type=\"page\">\n\t\t\t\t<div class=\"elementor-element elementor-element-4f0e564 thegem-e-con-layout-elementor e-flex e-con-boxed e-con e-parent\" data-id=\"4f0e564\" data-element_type=\"container\" data-e-type=\"container\" data-settings=\"{&quot;background_background&quot;:&quot;classic&quot;,&quot;thegem_container_layout&quot;:&quot;elementor&quot;}\">\r\n\t\t\t\t\t<div class=\"e-con-inner\">\r\n\t\t<div class=\"elementor-element elementor-element-eae65bf e-con-full thegem-e-con-layout-elementor e-flex e-con e-child\" data-id=\"eae65bf\" data-element_type=\"container\" data-e-type=\"container\" data-settings=\"{&quot;thegem_container_layout&quot;:&quot;elementor&quot;}\">\r\n\t\t\t\t<div class=\"elementor-element elementor-element-eed614f flex-horizontal-align-default flex-horizontal-align-tablet-default flex-horizontal-align-mobile-default flex-vertical-align-default flex-vertical-align-tablet-default flex-vertical-align-mobile-default elementor-widget elementor-widget-thegem-styledimage\" data-id=\"eed614f\" data-element_type=\"widget\" data-e-type=\"widget\" data-settings=\"{&quot;image&quot;:{&quot;url&quot;:&quot;https:\\\/\\\/fralowine.com\\\/wp-content\\\/uploads\\\/2024\\\/04\\\/Antonio_La_Selva_Fotografo-9254-scaled.jpg&quot;,&quot;id&quot;:7129,&quot;size&quot;:&quot;&quot;,&quot;alt&quot;:&quot;&quot;,&quot;source&quot;:&quot;library&quot;},&quot;_animation&quot;:&quot;none&quot;,&quot;thegem_elementor_preset&quot;:&quot;default&quot;,&quot;image_position&quot;:&quot;left&quot;,&quot;icon_show&quot;:&quot;yes&quot;}\" data-widget_type=\"thegem-styledimage.default\">\n\t\t\t\t<div class=\"elementor-widget-container\">\n\t\t\t\t\t\n<div class=\"styled-image-wrapper\">\n\t\t\t<div class=\"gem-image gem-wrapbox gem-wrapbox-default gem-wrapbox-position-left\">\n\t\t\t<div class=\"gem-wrapbox-inner\" >\n\t\t\t\t\t\t\t\t<a href=\"https:\/\/fralowine.com\/wp-content\/uploads\/2024\/04\/Antonio_La_Selva_Fotografo-9254-scaled.jpg\" class=\"fancybox\">\n\t\t\t\t\t\t\t\t\t\t<img class=\"gem-wrapbox-element img-responsive\"\n\t\t\t\t\t\t src=\"https:\/\/fralowine.com\/wp-content\/uploads\/2024\/04\/Antonio_La_Selva_Fotografo-9254-683x1024.webp\"\n\t\t\t\t\t\t alt=\"Antonio_La_Selva_Fotografo-9254\">\n\t\t\t\t\t\t\t\t\t\t<svg aria-hidden=\"true\" class=\"e-font-icon-svg e-fas-camera\" viewbox=\"0 0 512 512\" xmlns=\"http:\/\/www.w3.org\/2000\/svg\"><path d=\"M512 144v288c0 26.5-21.5 48-48 48H48c-26.5 0-48-21.5-48-48V144c0-26.5 21.5-48 48-48h88l12.3-32.9c7-18.7 24.9-31.1 44.9-31.1h125.5c20 0 37.9 12.4 44.9 31.1L376 96h88c26.5 0 48 21.5 48 48zM376 288c0-66.2-53.8-120-120-120s-120 53.8-120 120 53.8 120 120 120 120-53.8 120-120zm-32 0c0 48.5-39.5 88-88 88s-88-39.5-88-88 39.5-88 88-88 88 39.5 88 88z\"><\/path><\/svg>\t\t\t\t<\/a>\n\t\t\t\t\t\t<\/div>\n\t\t<\/div>\n\t\t<\/div>\n\n\n\t\n\t\t\t\t\t\t<\/div>\n\t\t\t\t<\/div>\n\t\t\t\t<\/div>\n\t\t<div class=\"elementor-element elementor-element-67b3298 e-con-full thegem-e-con-layout-elementor e-flex e-con e-child\" data-id=\"67b3298\" data-element_type=\"container\" data-e-type=\"container\" data-settings=\"{&quot;thegem_container_layout&quot;:&quot;elementor&quot;}\">\r\n\t\t<div class=\"elementor-element elementor-element-db4e98a thegem-e-con-layout-elementor e-flex e-con-boxed e-con e-child\" data-id=\"db4e98a\" data-element_type=\"container\" data-e-type=\"container\" data-settings=\"{&quot;thegem_container_layout&quot;:&quot;elementor&quot;}\">\r\n\t\t\t\t\t<div class=\"e-con-inner\">\r\n\t\t\t\t<div class=\"elementor-element elementor-element-1766301 flex-horizontal-align-default flex-horizontal-align-tablet-default flex-horizontal-align-mobile-default flex-vertical-align-default flex-vertical-align-tablet-default flex-vertical-align-mobile-default elementor-widget elementor-widget-text-editor\" data-id=\"1766301\" data-element_type=\"widget\" data-e-type=\"widget\" data-widget_type=\"text-editor.default\">\n\t\t\t\t<div class=\"elementor-widget-container\">\n\t\t\t\t\t\t\t\t\t\t\t\t<div class=\"elementor-text-editor elementor-clearfix\">\r\n\t\t\t\t\t\t<div class=\"title-h2\" style=\"text-align: center;\">AD NOBILITATEM REDIRE<\/div>\t\t\t\t\t\t\t<\/div>\r\n\t\t\t\t\t\t\t\t\t\t<\/div>\n\t\t\t\t<\/div>\n\t\t\t\t\t<\/div>\n\t\t\t\t<\/div>\n\t\t<div class=\"elementor-element elementor-element-da8c7ec thegem-e-con-layout-elementor e-flex e-con-boxed e-con e-child\" data-id=\"da8c7ec\" data-element_type=\"container\" data-e-type=\"container\" data-settings=\"{&quot;thegem_container_layout&quot;:&quot;elementor&quot;}\">\r\n\t\t\t\t\t<div class=\"e-con-inner\">\r\n\t\t\t\t<div class=\"elementor-element elementor-element-52631ea flex-horizontal-align-default flex-horizontal-align-tablet-default flex-horizontal-align-mobile-default flex-vertical-align-default flex-vertical-align-tablet-default flex-vertical-align-mobile-default elementor-widget elementor-widget-text-editor\" data-id=\"52631ea\" data-element_type=\"widget\" data-e-type=\"widget\" data-widget_type=\"text-editor.default\">\n\t\t\t\t<div class=\"elementor-widget-container\">\n\t\t\t\t\t\t\t\t\t\t\t\t<div class=\"elementor-text-editor elementor-clearfix\">\r\n\t\t\t\t\t\t<p>Il concetto che ha, sin dal principio, trainato il progetto Fral\u00f2 proviene dalla qualit\u00e0 di \nuniversalit\u00e0 che il vino possiede come bevanda che ha, da sempre, accomunato tutti gli uomini \u2013\nproletari, aristocratici e persino gli D\u00e8i. \nChi non ha mai desiderato sentirsi parte della categoria che percepiva come \u201csuperiore\u201d alla \npropria? Quale povero non ha desiderato d\u2019esser ricco? Quale nobile non ha voluto sentirsi un dio o \npersino pensato di esserlo?<\/p><p>\u00c8 a questo desiderio che si lega Fral\u00f2, ma facendo un passo in pi\u00f9. S\u00ec, perch\u00e9 non si tratta di\ndesiderare ricchezza mera e semplice. Si tratta di agognare eleganza, eccellenza, di sentirsi parte di \nuna categoria di uomini superiore, pi\u00f9 elevata, dai gusti pi\u00f9 raffinati, dall\u2019educazione pi\u00f9 completa. \n\u201cAristocrazia\u201d si compone dalla parola greca \u03ac\u03c1\u03b9\u03c3\u03c4\u03bf\u03c2, \u00e0ristos: il migliore. Questo \u00e8 dunque un \nprodotto per uomini che aspirano, che vogliono sentirsi migliori.<\/p><p>L\u2019aristocrazia \u00e8 stato il leitmotiv trainante del brand design per la sua aura di nostalgia, di \nirraggiungibilit\u00e0 e allo stesso tempo di autenticit\u00e0 perch\u00e9 storicizzata. Per mostrarla abbiamo scelto \nun mezzo visivo potentissimo e che pure facesse proprie tutte le caratteristiche appena citate: il \ndipinto. L\u2019arte \u2013 pittorica in questo caso \u2013 ci \u00e8 sembrata la forma pi\u00f9 adatta a veicolare l\u2019idea di \nchi, come noi, considera anche il vino una forma d\u2019arte.<\/p><p>Era importante, per\u00f2, non farci ingabbiare da questo concetto romantico di grafica e \nrileggerlo in chiave moderna. \u00c8 per questo che abbiamo scelto un colore \u2013 un signature color, un \ncolore identificativo \u2013 contemporaneo, nuovo, quasi pop: il fragola neon del nome e del sottotitolo. \nUn colore che non passa inosservato, acceso, squillante, senza essere il classico rosso, \u00e8 il fil rouge \nche lega le diverse bottiglie, per rendere il marchio facilmente riconoscibile. Ogni tipologia di vino\nsviluppa un tema che si declina nei vari vitigni rendendo le bottiglie, gi\u00e0 un\u2019ottima idea regalo per \nla loro eleganza e originalit\u00e0 del design, addirittura degli oggetti da voler collezionare.<\/p>\t\t\t\t\t\t\t<\/div>\r\n\t\t\t\t\t\t\t\t\t\t<\/div>\n\t\t\t\t<\/div>\n\t\t\t\t\t<\/div>\n\t\t\t\t<\/div>\n\t\t\t\t<\/div>\n\t\t\t\t\t<\/div>\n\t\t\t\t<\/div>\n\t\t\t\t<\/div>","protected":false},"excerpt":{"rendered":"<p>AD NOBILITATEM REDIRE The concept that has driven the Fral\u00f2 project from the beginning stems from the universality of wine&#8230;<\/p>","protected":false},"author":1,"featured_media":0,"parent":0,"menu_order":0,"comment_status":"closed","ping_status":"closed","template":"elementor_header_footer","meta":{"nf_dc_page":"","footnotes":""},"class_list":["post-6663","page","type-page","status-publish"],"_links":{"self":[{"href":"https:\/\/fralowine.com\/it\/wp-json\/wp\/v2\/pages\/6663","targetHints":{"allow":["GET"]}}],"collection":[{"href":"https:\/\/fralowine.com\/it\/wp-json\/wp\/v2\/pages"}],"about":[{"href":"https:\/\/fralowine.com\/it\/wp-json\/wp\/v2\/types\/page"}],"author":[{"embeddable":true,"href":"https:\/\/fralowine.com\/it\/wp-json\/wp\/v2\/users\/1"}],"replies":[{"embeddable":true,"href":"https:\/\/fralowine.com\/it\/wp-json\/wp\/v2\/comments?post=6663"}],"version-history":[{"count":2,"href":"https:\/\/fralowine.com\/it\/wp-json\/wp\/v2\/pages\/6663\/revisions"}],"predecessor-version":[{"id":8948,"href":"https:\/\/fralowine.com\/it\/wp-json\/wp\/v2\/pages\/6663\/revisions\/8948"}],"wp:attachment":[{"href":"https:\/\/fralowine.com\/it\/wp-json\/wp\/v2\/media?parent=6663"}],"curies":[{"name":"wp","href":"https:\/\/api.w.org\/{rel}","templated":true}]}}