{"id":6911,"date":"2024-03-11T16:24:14","date_gmt":"2024-03-11T16:24:14","guid":{"rendered":"https:\/\/fralowine.com\/?post_type=product&#038;p=6911"},"modified":"2026-02-27T09:45:16","modified_gmt":"2026-02-27T09:45:16","slug":"josephine","status":"publish","type":"product","link":"https:\/\/fralowine.com\/it\/prodotto\/josephine\/","title":{"rendered":"JOSEPHINE PRIMITIVO"},"content":{"rendered":"<div data-elementor-type=\"wp-post\" data-elementor-id=\"6911\" class=\"elementor elementor-6911\" data-elementor-post-type=\"product\">\n\t\t\t\t<div class=\"elementor-element elementor-element-465bf8c0 thegem-e-con-layout-elementor e-flex e-con-boxed e-con e-parent\" data-id=\"465bf8c0\" data-element_type=\"container\" data-e-type=\"container\" data-settings=\"{&quot;thegem_container_layout&quot;:&quot;elementor&quot;}\">\r\n\t\t\t\t\t<div class=\"e-con-inner\">\r\n\t\t\t\t<div class=\"elementor-element elementor-element-766ab0d4 flex-horizontal-align-default flex-horizontal-align-tablet-default flex-horizontal-align-mobile-default flex-vertical-align-default flex-vertical-align-tablet-default flex-vertical-align-mobile-default elementor-widget elementor-widget-text-editor\" data-id=\"766ab0d4\" data-element_type=\"widget\" data-e-type=\"widget\" data-widget_type=\"text-editor.default\">\n\t\t\t\t<div class=\"elementor-widget-container\">\n\t\t\t\t\t\t\t\t\t\t\t\t<div class=\"elementor-text-editor elementor-clearfix\">\r\n\t\t\t\t\t\t<p>Scopri il Primitivo \u201cJOSEPHINE\u201d di Fral\u00f2 Vini, un vino rosso ricco e avvolgente, perfetto per cene speciali. Da gustare a 18-20\u00b0C per una vera esperienza sensoriale. Questo vino, grazie alla sua morbidezza ed alcolicit\u00e0 nonch\u00e9 al tannino sempre presente, \u00e8 un vino ideale per l\u2019abbinamento a portate di carne di qualsiasi tipo. Carni rosse alla brace ma anche selvaggina, come il cinghiale, anch\u2019esso alla brace o brasato, in salm\u00ec. Carni di agnello o capretto al forno. Le versioni pi\u00f9 giovani sono adatte anche a primi piatti con sughi di carne o zuppe di legumi.<\/p>\t\t\t\t\t\t\t<\/div>\r\n\t\t\t\t\t\t\t\t\t\t<\/div>\n\t\t\t\t<\/div>\n\t\t\t\t\t<\/div>\n\t\t\t\t<\/div>\n\t\t\t\t<\/div>","protected":false},"excerpt":{"rendered":"<p>Primitivo<\/p>","protected":false},"featured_media":7315,"template":"","meta":{"nf_dc_page":""},"product_brand":[],"product_cat":[71],"product_tag":[77],"class_list":{"0":"post-6911","1":"product","2":"type-product","3":"status-publish","4":"has-post-thumbnail","6":"product_cat-red-wine","7":"product_tag-primitivo","9":"first","10":"instock","11":"featured","12":"taxable","13":"shipping-taxable","14":"purchasable","15":"product-type-simple"},"_links":{"self":[{"href":"https:\/\/fralowine.com\/it\/wp-json\/wp\/v2\/product\/6911","targetHints":{"allow":["GET"]}}],"collection":[{"href":"https:\/\/fralowine.com\/it\/wp-json\/wp\/v2\/product"}],"about":[{"href":"https:\/\/fralowine.com\/it\/wp-json\/wp\/v2\/types\/product"}],"version-history":[{"count":2,"href":"https:\/\/fralowine.com\/it\/wp-json\/wp\/v2\/product\/6911\/revisions"}],"predecessor-version":[{"id":8979,"href":"https:\/\/fralowine.com\/it\/wp-json\/wp\/v2\/product\/6911\/revisions\/8979"}],"wp:featuredmedia":[{"embeddable":true,"href":"https:\/\/fralowine.com\/it\/wp-json\/wp\/v2\/media\/7315"}],"wp:attachment":[{"href":"https:\/\/fralowine.com\/it\/wp-json\/wp\/v2\/media?parent=6911"}],"wp:term":[{"taxonomy":"product_brand","embeddable":true,"href":"https:\/\/fralowine.com\/it\/wp-json\/wp\/v2\/product_brand?post=6911"},{"taxonomy":"product_cat","embeddable":true,"href":"https:\/\/fralowine.com\/it\/wp-json\/wp\/v2\/product_cat?post=6911"},{"taxonomy":"product_tag","embeddable":true,"href":"https:\/\/fralowine.com\/it\/wp-json\/wp\/v2\/product_tag?post=6911"}],"curies":[{"name":"wp","href":"https:\/\/api.w.org\/{rel}","templated":true}]}}